{"id":7,"date":"2025-07-14T01:38:32","date_gmt":"2025-07-14T01:38:32","guid":{"rendered":"https:\/\/concehosting.cl\/?page_id=7"},"modified":"2025-07-14T02:42:05","modified_gmt":"2025-07-14T02:42:05","slug":"inicio","status":"publish","type":"page","link":"https:\/\/concehosting.cl\/","title":{"rendered":"Inicio"},"content":{"rendered":"\n<div class=\"wp-block-cover alignfull is-light\" style=\"min-height:720px;aspect-ratio:unset;\"><span aria-hidden=\"true\" class=\"wp-block-cover__background has-background-dim-100 has-background-dim has-background-gradient\" style=\"background:linear-gradient(35deg,rgb(6,0,151) 0%,rgb(130,4,255) 73%,rgb(193,15,255) 100%)\"><\/span><div class=\"wp-block-cover__inner-container is-layout-flow wp-block-cover-is-layout-flow\">\n<div class=\"inherit-container-width wp-block-group alignwide is-layout-constrained wp-block-group-is-layout-constrained\">\n<div class=\"wp-block-media-text alignwide has-media-on-the-right is-stacked-on-mobile is-vertically-aligned-center\" style=\"grid-template-columns:auto 43%\"><div class=\"wp-block-media-text__content\">\n<h1 class=\"wp-block-heading has-text-align-left has-white-color has-text-color\">Digitaliza tu negocio<\/h1>\n\n\n\n<p class=\"has-white-color has-text-color\">En <strong>Hosting Concepci\u00f3n<\/strong>, conectamos tu proyecto al mundo digital con soluciones confiables, soporte local y tecnolog\u00eda de alto rendimiento.<\/p>\n\n\n\n<p class=\"has-white-color has-text-color\">Ofrecemos servicios de hosting web, dominios, correos profesionales y m\u00e1s, con atenci\u00f3n personalizada desde <strong>Concepci\u00f3n, Chile<\/strong>.<\/p>\n\n\n\n<div class=\"wp-block-buttons is-layout-flex wp-block-buttons-is-layout-flex\">\n<div class=\"wp-block-button\"><a class=\"wp-block-button__link wp-element-button\" href=\"https:\/\/wa.me\/56997600086\">Necesitas un Dominio.cl?<\/a><\/div>\n<\/div>\n<\/div><figure class=\"wp-block-media-text__media\"><img decoding=\"async\" src=\"https:\/\/concehosting.cl\/wp-content\/themes\/astra\/inc\/assets\/images\/starter-content\/hero-img.svg\" alt=\"\" class=\"wp-image-118 size-full\"\/><\/figure><\/div>\n<\/div>\n<\/div><\/div>\n\n\n\n<div class=\"wp-block-group alignfull has-ast-global-color-5-background-color has-background is-layout-constrained wp-container-core-group-is-layout-9cedb757 wp-block-group-is-layout-constrained\" style=\"padding-bottom:0px\">\n<div class=\"wp-block-columns are-vertically-aligned-top is-layout-flex wp-container-core-columns-is-layout-00723822 wp-block-columns-is-layout-flex\">\n<div class=\"wp-block-column is-vertically-aligned-top is-layout-flow wp-container-core-column-is-layout-6b73ce23 wp-block-column-is-layout-flow\">\n<figure class=\"wp-block-image size-large\"><img decoding=\"async\" src=\"https:\/\/concehosting.cl\/wp-content\/themes\/astra\/inc\/assets\/images\/starter-content\/building.svg\" alt=\"\" class=\"wp-image-134\"\/><\/figure>\n\n\n\n<h3 class=\"wp-block-heading has-text-align-left\" style=\"margin-top:16px\">Tu imagen en internet<\/h3>\n\n\n\n<p class=\"has-text-align-left\">Ac\u00e1 te entregamos el puntapi\u00e9 inicial para que tus clientes te conozcan utilizando todos los medios digitales.<\/p>\n<\/div>\n\n\n\n<div class=\"wp-block-column is-vertically-aligned-top is-layout-flow wp-container-core-column-is-layout-6b73ce23 wp-block-column-is-layout-flow\">\n<figure class=\"wp-block-image size-large\"><img decoding=\"async\" src=\"https:\/\/concehosting.cl\/wp-content\/themes\/astra\/inc\/assets\/images\/starter-content\/shopping-bag.svg\" alt=\"\" class=\"wp-image-135\"\/><\/figure>\n\n\n\n<h3 class=\"wp-block-heading has-text-align-left\" style=\"margin-top:16px\">Dominio.cl<\/h3>\n\n\n\n<p class=\"has-text-align-left\"> Nosotros nos encargamos de gestionar tu dominio.cl activar tu plan de hosting y desarrollar tu sitio web con informaci\u00f3n relevante que quieras entregar a tus clientes.<\/p>\n<\/div>\n\n\n\n<div class=\"wp-block-column is-vertically-aligned-top is-layout-flow wp-container-core-column-is-layout-6b73ce23 wp-block-column-is-layout-flow\">\n<figure class=\"wp-block-image size-large\"><img decoding=\"async\" src=\"https:\/\/concehosting.cl\/wp-content\/themes\/astra\/inc\/assets\/images\/starter-content\/blog.svg\" alt=\"\" class=\"wp-image-136\"\/><\/figure>\n\n\n\n<h3 class=\"wp-block-heading has-text-align-left\" style=\"margin-top:16px\">Correo.cl<\/h3>\n\n\n\n<p class=\"has-text-align-left\">Con tu Plan puedes tener tus correos@tudominio.cl para que tus clientes vean una imagen m\u00e1s corporativa de tu negocio o emprendimiento.<\/p>\n<\/div>\n\n\n\n<div class=\"wp-block-column is-vertically-aligned-top is-layout-flow wp-container-core-column-is-layout-6b73ce23 wp-block-column-is-layout-flow\">\n<figure class=\"wp-block-image size-large\"><img decoding=\"async\" src=\"https:\/\/concehosting.cl\/wp-content\/themes\/astra\/inc\/assets\/images\/starter-content\/portfolio.svg\" alt=\"\" class=\"wp-image-137\"\/><\/figure>\n\n\n\n<h3 class=\"wp-block-heading has-text-align-left\" style=\"margin-top:16px\">Planes<\/h3>\n\n\n\n<p class=\"has-text-align-left\">Contamos con diferentes planes y nos ajustamos a tu presupuesto para que puedas iniciar tu negocio en Internet.<\/p>\n<\/div>\n<\/div>\n<\/div>\n\n\n\n<div class=\"wp-block-group alignfull is-layout-constrained wp-container-core-group-is-layout-45b0ac4f wp-block-group-is-layout-constrained\" id=\"services\" style=\"padding-top:144px;padding-bottom:0px\">\n<h2 class=\"wp-block-heading\">Nuestros Planes<\/h2>\n\n\n\n<div class=\"wp-block-columns is-layout-flex wp-container-core-columns-is-layout-60cbf9bb wp-block-columns-is-layout-flex\" style=\"margin-top:50px\">\n<div class=\"wp-block-column is-layout-flow wp-container-core-column-is-layout-6b73ce23 wp-block-column-is-layout-flow\">\n<figure class=\"wp-block-image size-full\"><img loading=\"lazy\" decoding=\"async\" width=\"1024\" height=\"1024\" src=\"https:\/\/concehosting.cl\/wp-content\/uploads\/2025\/07\/image.png\" alt=\"\" class=\"wp-image-29\" srcset=\"https:\/\/concehosting.cl\/wp-content\/uploads\/2025\/07\/image.png 1024w, https:\/\/concehosting.cl\/wp-content\/uploads\/2025\/07\/image-300x300.png 300w, https:\/\/concehosting.cl\/wp-content\/uploads\/2025\/07\/image-150x150.png 150w, https:\/\/concehosting.cl\/wp-content\/uploads\/2025\/07\/image-768x768.png 768w\" sizes=\"auto, (max-width: 1024px) 100vw, 1024px\" \/><\/figure>\n\n\n\n<h3 class=\"wp-block-heading\" style=\"margin-top:16px\">Plan Emprendedor<\/h3>\n\n\n\n<p>Este plan incluye una p\u00e1gina web informativa + el dominio.cl + el hosting por un a\u00f1o incluye 10 casillas de correo electr\u00f3nico y hasta 10GB de almacenamiento x $100.000 neto Anual.<\/p>\n<\/div>\n\n\n\n<div class=\"wp-block-column is-layout-flow wp-container-core-column-is-layout-6b73ce23 wp-block-column-is-layout-flow\">\n<figure class=\"wp-block-image size-full\"><img loading=\"lazy\" decoding=\"async\" width=\"1024\" height=\"1024\" src=\"https:\/\/concehosting.cl\/wp-content\/uploads\/2025\/07\/imageblue.png\" alt=\"\" class=\"wp-image-30\" srcset=\"https:\/\/concehosting.cl\/wp-content\/uploads\/2025\/07\/imageblue.png 1024w, https:\/\/concehosting.cl\/wp-content\/uploads\/2025\/07\/imageblue-300x300.png 300w, https:\/\/concehosting.cl\/wp-content\/uploads\/2025\/07\/imageblue-150x150.png 150w, https:\/\/concehosting.cl\/wp-content\/uploads\/2025\/07\/imageblue-768x768.png 768w\" sizes=\"auto, (max-width: 1024px) 100vw, 1024px\" \/><\/figure>\n\n\n\n<h3 class=\"wp-block-heading\" style=\"margin-top:16px\">Plan Profesional<\/h3>\n\n\n\n<p>Este plan incluye una p\u00e1gina web informativa + el dominio.cl + el hosting por un a\u00f1o incluye 20 casillas de correo electr\u00f3nico y hasta 25GB de almacenamiento x $175.000 neto Anual.<\/p>\n<\/div>\n\n\n\n<div class=\"wp-block-column is-layout-flow wp-container-core-column-is-layout-6b73ce23 wp-block-column-is-layout-flow\">\n<figure class=\"wp-block-image size-full\"><img loading=\"lazy\" decoding=\"async\" width=\"1024\" height=\"1024\" src=\"https:\/\/concehosting.cl\/wp-content\/uploads\/2025\/07\/imagegreen.png\" alt=\"\" class=\"wp-image-31\" srcset=\"https:\/\/concehosting.cl\/wp-content\/uploads\/2025\/07\/imagegreen.png 1024w, https:\/\/concehosting.cl\/wp-content\/uploads\/2025\/07\/imagegreen-300x300.png 300w, https:\/\/concehosting.cl\/wp-content\/uploads\/2025\/07\/imagegreen-150x150.png 150w, https:\/\/concehosting.cl\/wp-content\/uploads\/2025\/07\/imagegreen-768x768.png 768w\" sizes=\"auto, (max-width: 1024px) 100vw, 1024px\" \/><\/figure>\n\n\n\n<h3 class=\"wp-block-heading\" style=\"margin-top:16px\">Plan Empresas<\/h3>\n\n\n\n<p>Este plan incluye una p\u00e1gina web informativa + el dominio.cl + el hosting por un a\u00f1o incluye 30 casillas de correo electr\u00f3nico y hasta 30GB de almacenamiento x $250.000 neto Anual.<\/p>\n<\/div>\n<\/div>\n<\/div>\n\n\n\n<div class=\"wp-block-group alignfull has-ast-global-color-5-background-color has-background is-layout-constrained wp-container-core-group-is-layout-94d206d0 wp-block-group-is-layout-constrained\" id=\"about\" style=\"padding-top:143px;padding-bottom:144px\">\n<div class=\"wp-block-media-text has-media-on-the-right is-stacked-on-mobile is-vertically-aligned-center\"><div class=\"wp-block-media-text__content\">\n<div class=\"inherit-container-width wp-block-group is-layout-constrained wp-container-core-group-is-layout-47ce07ec wp-block-group-is-layout-constrained\" style=\"padding-right:80px\">\n<h2 class=\"wp-block-heading\" style=\"padding-right:40px\">Planes Dedicados 50GB<\/h2>\n\n\n\n<p>Este Plan est\u00e1 enfocado para peque\u00f1as y grandes empresas con varios trabajadores y m\u00faltiples usuarios con servidores de alto rendimiento y optimizados para el alto tr\u00e1fico de datos.<\/p>\n\n\n\n<p>Todos nuestros planes desde el inicial a los planes dedicados cuentan con Soporte 24\/7<\/p>\n<\/div>\n<\/div><figure class=\"wp-block-media-text__media\"><img decoding=\"async\" src=\"https:\/\/concehosting.cl\/wp-content\/themes\/astra\/inc\/assets\/images\/starter-content\/about-us.jpg\" alt=\"\" class=\"wp-image-237 size-full\"\/><\/figure><\/div>\n<\/div>\n\n\n\n<div class=\"wp-block-group alignfull has-ast-global-color-4-background-color has-background is-layout-constrained wp-container-core-group-is-layout-6a2cfb7b wp-block-group-is-layout-constrained\" id=\"reviews\">\n<figure class=\"wp-block-image aligncenter size-full\"><img loading=\"lazy\" decoding=\"async\" width=\"352\" height=\"320\" src=\"https:\/\/concehosting.cl\/wp-content\/uploads\/2025\/07\/Captura-de-pantalla-2025-07-12-a-las-12.59.27.png\" alt=\"\" class=\"wp-image-36\" srcset=\"https:\/\/concehosting.cl\/wp-content\/uploads\/2025\/07\/Captura-de-pantalla-2025-07-12-a-las-12.59.27.png 352w, https:\/\/concehosting.cl\/wp-content\/uploads\/2025\/07\/Captura-de-pantalla-2025-07-12-a-las-12.59.27-300x273.png 300w\" sizes=\"auto, (max-width: 352px) 100vw, 352px\" \/><\/figure>\n\n\n\n<p class=\"has-text-align-center\" style=\"font-size:22px;line-height:1.6\">\u201c<strong>Con m\u00e1s de 25 a\u00f1os de experiencia, hemos sido testigos de la evoluci\u00f3n del internet y hemos crecido junto a ella.<\/strong> Nuestra trayectoria en el mundo del hosting nos ha permitido acompa\u00f1ar a cientos de empresas en Chile y el extranjero, brind\u00e1ndoles un servicio estable, seguro y a la medida de sus necesidades. Nos enorgullece ofrecer soluciones confiables respaldadas por d\u00e9cadas de compromiso, innovaci\u00f3n y atenci\u00f3n personalizada. Porque no solo hospedamos sitios web: construimos relaciones de largo plazo con cada cliente.\u201d<\/p>\n\n\n\n<p class=\"has-text-align-center\">Juan Almonacid Mu\u00f1oz <\/p>\n\n\n\n<p class=\"has-text-align-center\"> Socio Fundador y Representante legal de Almonacid Computaci\u00f3n EIRL<\/p>\n<\/div>\n\n\n\n<div class=\"wp-block-group alignfull is-layout-constrained wp-container-core-group-is-layout-3fee123f wp-block-group-is-layout-constrained\" id=\"whyus\" style=\"padding-top:144px;padding-bottom:144px\">\n<h2 class=\"wp-block-heading\">Por qu\u00e9 elegirnos?<\/h2>\n\n\n\n<div class=\"wp-block-columns is-layout-flex wp-container-core-columns-is-layout-29aadeec wp-block-columns-is-layout-flex\" style=\"margin-top:60px\">\n<div class=\"wp-block-column is-layout-flow wp-container-core-column-is-layout-6b73ce23 wp-block-column-is-layout-flow\">\n<figure class=\"wp-block-image size-large\"><img decoding=\"async\" src=\"https:\/\/concehosting.cl\/wp-content\/themes\/astra\/inc\/assets\/images\/starter-content\/passionate.svg\" alt=\"\" class=\"wp-image-162\"\/><\/figure>\n\n\n\n<h3 class=\"wp-block-heading\" style=\"margin-top:16px\">Amor Digital<\/h3>\n\n\n\n<p>En <strong>Hosting Concepci\u00f3n<\/strong>, no solo trabajamos con servidores, dominios y datos.<\/p>\n\n\n\n<p><strong>Amamos lo que hacemos<\/strong>, porque sabemos que cada sitio web que alojamos es un sue\u00f1o, un negocio o una historia que merece funcionar sin interrupciones.<\/p>\n<\/div>\n\n\n\n<div class=\"wp-block-column is-layout-flow wp-container-core-column-is-layout-6b73ce23 wp-block-column-is-layout-flow\">\n<figure class=\"wp-block-image size-large\"><img decoding=\"async\" src=\"https:\/\/concehosting.cl\/wp-content\/themes\/astra\/inc\/assets\/images\/starter-content\/professional.svg\" alt=\"\" class=\"wp-image-163\"\/><\/figure>\n\n\n\n<h3 class=\"wp-block-heading\" style=\"margin-top:16px\">Profesionalismo<\/h3>\n\n\n\n<p>Utilizamos infraestructura de alto rendimiento, monitoreo constante y soporte t\u00e9cnico personalizado, porque entendemos que tu sitio web es clave para tu negocio.<\/p>\n\n\n\n<p><strong>M\u00e1s que un proveedor, somos tu socio tecnol\u00f3gico.<\/strong><\/p>\n<\/div>\n\n\n\n<div class=\"wp-block-column is-layout-flow wp-container-core-column-is-layout-6b73ce23 wp-block-column-is-layout-flow\">\n<figure class=\"wp-block-image size-large\"><img decoding=\"async\" src=\"https:\/\/concehosting.cl\/wp-content\/themes\/astra\/inc\/assets\/images\/starter-content\/support.svg\" alt=\"\" class=\"wp-image-164\"\/><\/figure>\n\n\n\n<h3 class=\"wp-block-heading\" style=\"margin-top:16px\">Soporte 24\/7<\/h3>\n\n\n\n<p>En <strong>Hosting Concepci\u00f3n<\/strong>, el soporte no es un servicio adicional: es el coraz\u00f3n de nuestra propuesta.<\/p>\n\n\n\n<p>Contamos con un equipo t\u00e9cnico capacitado y disponible para ayudarte en cada etapa, desde la configuraci\u00f3n inicial hasta la resoluci\u00f3n de incidencias complejas.<\/p>\n<\/div>\n<\/div>\n<\/div>\n\n\n\n<div class=\"wp-block-group alignfull has-background is-layout-constrained wp-container-core-group-is-layout-cfcca693 wp-block-group-is-layout-constrained\" id=\"contact\" style=\"background:linear-gradient(35deg,rgb(6,0,151) 0%,rgb(130,4,255) 64%,rgb(193,15,255) 98%);padding-top:104px;padding-bottom:104px\">\n<h2 class=\"wp-block-heading has-text-align-center has-text-color\" style=\"color:#ffffff\">\u00bfQuieres hacer despegar hoy tu negocio?<\/h2>\n\n\n\n<div class=\"wp-block-buttons alignwide is-horizontal is-content-justification-center is-layout-flex wp-container-core-buttons-is-layout-bba8380a wp-block-buttons-is-layout-flex\" style=\"margin-top:50px\">\n<div class=\"wp-block-button\"><a class=\"wp-block-button__link wp-element-button\" href=\"https:\/\/wa.me\/56997600086\">Pincha Aqu\u00ed<\/a><\/div>\n<\/div>\n<\/div>\n","protected":false},"excerpt":{"rendered":"<p>Tu imagen en internet Ac\u00e1 te entregamos el puntapi\u00e9 inicial para que tus clientes te conozcan utilizando todos los medios [&hellip;]<\/p>\n","protected":false},"author":1,"featured_media":0,"parent":0,"menu_order":0,"comment_status":"closed","ping_status":"closed","template":"","meta":{"site-sidebar-layout":"no-sidebar","site-content-layout":"plain-container","ast-site-content-layout":"default","site-content-style":"default","site-sidebar-style":"default","ast-global-header-display":"","ast-banner-title-visibility":"","ast-main-header-display":"","ast-hfb-above-header-display":"","ast-hfb-below-header-display":"","ast-hfb-mobile-header-display":"","site-post-title":"disabled","ast-breadcrumbs-content":"","ast-featured-img":"","footer-sml-layout":"","ast-disable-related-posts":"","theme-transparent-header-meta":"enabled","adv-header-id-meta":"","stick-header-meta":"","header-above-stick-meta":"","header-main-stick-meta":"","header-below-stick-meta":"","astra-migrate-meta-layouts":"default","ast-page-background-enabled":"default","ast-page-background-meta":{"desktop":{"background-color":"var(--ast-global-color-5)","background-image":"","background-repeat":"repeat","background-position":"center center","background-size":"auto","background-attachment":"scroll","background-type":"","background-media":"","overlay-type":"","overlay-color":"","overlay-opacity":"","overlay-gradient":""},"tablet":{"background-color":"","background-image":"","background-repeat":"repeat","background-position":"center center","background-size":"auto","background-attachment":"scroll","background-type":"","background-media":"","overlay-type":"","overlay-color":"","overlay-opacity":"","overlay-gradient":""},"mobile":{"background-color":"","background-image":"","background-repeat":"repeat","background-position":"center center","background-size":"auto","background-attachment":"scroll","background-type":"","background-media":"","overlay-type":"","overlay-color":"","overlay-opacity":"","overlay-gradient":""}},"ast-content-background-meta":{"desktop":{"background-color":"var(--ast-global-color-4)","background-image":"","background-repeat":"repeat","background-position":"center center","background-size":"auto","background-attachment":"scroll","background-type":"","background-media":"","overlay-type":"","overlay-color":"","overlay-opacity":"","overlay-gradient":""},"tablet":{"background-color":"var(--ast-global-color-4)","background-image":"","background-repeat":"repeat","background-position":"center center","background-size":"auto","background-attachment":"scroll","background-type":"","background-media":"","overlay-type":"","overlay-color":"","overlay-opacity":"","overlay-gradient":""},"mobile":{"background-color":"var(--ast-global-color-4)","background-image":"","background-repeat":"repeat","background-position":"center center","background-size":"auto","background-attachment":"scroll","background-type":"","background-media":"","overlay-type":"","overlay-color":"","overlay-opacity":"","overlay-gradient":""}},"footnotes":""},"class_list":["post-7","page","type-page","status-publish","hentry"],"_links":{"self":[{"href":"https:\/\/concehosting.cl\/index.php\/wp-json\/wp\/v2\/pages\/7","targetHints":{"allow":["GET"]}}],"collection":[{"href":"https:\/\/concehosting.cl\/index.php\/wp-json\/wp\/v2\/pages"}],"about":[{"href":"https:\/\/concehosting.cl\/index.php\/wp-json\/wp\/v2\/types\/page"}],"author":[{"embeddable":true,"href":"https:\/\/concehosting.cl\/index.php\/wp-json\/wp\/v2\/users\/1"}],"replies":[{"embeddable":true,"href":"https:\/\/concehosting.cl\/index.php\/wp-json\/wp\/v2\/comments?post=7"}],"version-history":[{"count":9,"href":"https:\/\/concehosting.cl\/index.php\/wp-json\/wp\/v2\/pages\/7\/revisions"}],"predecessor-version":[{"id":39,"href":"https:\/\/concehosting.cl\/index.php\/wp-json\/wp\/v2\/pages\/7\/revisions\/39"}],"wp:attachment":[{"href":"https:\/\/concehosting.cl\/index.php\/wp-json\/wp\/v2\/media?parent=7"}],"curies":[{"name":"wp","href":"https:\/\/api.w.org\/{rel}","templated":true}]}}